{"id":7126,"date":"2024-07-11T13:06:53","date_gmt":"2024-07-11T13:06:53","guid":{"rendered":"https:\/\/demo.awaikenthemes.com\/dentaire\/?page_id=1748"},"modified":"2025-06-20T14:37:39","modified_gmt":"2025-06-20T14:37:39","slug":"teknoloji","status":"publish","type":"page","link":"https:\/\/brilliant.clinic\/tr\/teknoloji\/","title":{"rendered":"Teknoloji"},"content":{"rendered":"<div data-elementor-type=\"wp-page\" data-elementor-id=\"7126\" class=\"elementor elementor-7126\">\n\t\t\t\t<div class=\"elementor-element elementor-element-baee273 e-flex e-con-boxed e-con e-parent\" data-id=\"baee273\" data-element_type=\"container\" data-settings=\"{&quot;background_background&quot;:&quot;classic&quot;}\">\n\t\t\t\t\t<div class=\"e-con-inner\">\n\t\t<div class=\"elementor-element elementor-element-236e3eb e-con-full e-flex e-con e-child\" data-id=\"236e3eb\" data-element_type=\"container\">\n\t\t\t\t<div class=\"elementor-element elementor-element-1873cd0 elementor-widget elementor-widget-heading\" data-id=\"1873cd0\" data-element_type=\"widget\" data-settings=\"{&quot;ekit_we_effect_on&quot;:&quot;none&quot;}\" data-widget_type=\"heading.default\">\n\t\t\t\t<div class=\"elementor-widget-container\">\n\t\t\t\t\t<h1 class=\"elementor-heading-title elementor-size-default\"><span>Teknoloji<\/span><\/h1>\t\t\t\t<\/div>\n\t\t\t\t<\/div>\n\t\t\t\t<div class=\"elementor-element elementor-element-f9e3598 elementor-invisible elementor-widget elementor-widget-elementskit-breadcrumb\" data-id=\"f9e3598\" data-element_type=\"widget\" data-settings=\"{&quot;_animation&quot;:&quot;fadeInUp&quot;,&quot;ekit_we_effect_on&quot;:&quot;none&quot;}\" data-widget_type=\"elementskit-breadcrumb.default\">\n\t\t\t\t<div class=\"elementor-widget-container\">\n\t\t\t\t\t<div class=\"ekit-wid-con\" ><ol class=\"ekit-breadcrumb\"><li class=\"ekit_breadcrumbs_start\"><a href=\"https:\/\/brilliant.clinic\/tr\">Ev<\/a><\/li><\/ol><\/div>\t\t\t\t<\/div>\n\t\t\t\t<\/div>\n\t\t\t\t<\/div>\n\t\t\t\t\t<\/div>\n\t\t\t\t<\/div>\n\t\t<div class=\"elementor-element elementor-element-5b96b3b e-flex e-con-boxed e-con e-parent\" data-id=\"5b96b3b\" data-element_type=\"container\">\n\t\t\t\t\t<div class=\"e-con-inner\">\n\t\t<div class=\"elementor-element elementor-element-113bbd9 e-con-full e-flex e-con e-child\" data-id=\"113bbd9\" data-element_type=\"container\">\n\t\t\t\t<div class=\"elementor-element elementor-element-3550a02 elementor-widget__width-initial image-anime at-image-animation at-animation-image-style-1 elementor-widget elementor-widget-image\" data-id=\"3550a02\" data-element_type=\"widget\" data-settings=\"{&quot;ekit_we_effect_on&quot;:&quot;none&quot;}\" data-widget_type=\"image.default\">\n\t\t\t\t<div class=\"elementor-widget-container\">\n\t\t\t\t\t\t\t\t\t\t\t\t\t\t\t<img decoding=\"async\" data-src=\"https:\/\/demo.awaikenthemes.com\/primecare\/demo3\/wp-content\/uploads\/2024\/07\/techonology-img-1.jpg\" title=\"\" alt=\"\" src=\"data:image\/gif;base64,R0lGODlhAQABAAAAACH5BAEKAAEALAAAAAABAAEAAAICTAEAOw==\" class=\"lazyload\" \/>\t\t\t\t\t\t\t\t\t\t\t\t\t\t\t<\/div>\n\t\t\t\t<\/div>\n\t\t\t\t<div class=\"elementor-element elementor-element-26ed38a elementor-widget__width-initial image-anime at-image-animation at-animation-image-style-1 elementor-widget elementor-widget-image\" data-id=\"26ed38a\" data-element_type=\"widget\" data-settings=\"{&quot;ekit_we_effect_on&quot;:&quot;none&quot;}\" data-widget_type=\"image.default\">\n\t\t\t\t<div class=\"elementor-widget-container\">\n\t\t\t\t\t\t\t\t\t\t\t\t\t\t\t<img decoding=\"async\" data-src=\"https:\/\/demo.awaikenthemes.com\/primecare\/demo3\/wp-content\/uploads\/2024\/07\/techonology-img-2.jpg\" title=\"\" alt=\"\" src=\"data:image\/gif;base64,R0lGODlhAQABAAAAACH5BAEKAAEALAAAAAABAAEAAAICTAEAOw==\" class=\"lazyload\" \/>\t\t\t\t\t\t\t\t\t\t\t\t\t\t\t<\/div>\n\t\t\t\t<\/div>\n\t\t\t\t<\/div>\n\t\t<div class=\"elementor-element elementor-element-3cdc42e e-con-full e-flex e-con e-child\" data-id=\"3cdc42e\" data-element_type=\"container\">\n\t\t\t\t<div class=\"elementor-element elementor-element-2d14394 section-title at-heading-animation at-animation-heading-none elementor-invisible elementor-widget elementor-widget-heading\" data-id=\"2d14394\" data-element_type=\"widget\" data-settings=\"{&quot;_animation&quot;:&quot;fadeInUp&quot;,&quot;ekit_we_effect_on&quot;:&quot;none&quot;}\" data-widget_type=\"heading.default\">\n\t\t\t\t<div class=\"elementor-widget-container\">\n\t\t\t\t\t<h3 class=\"elementor-heading-title elementor-size-default\">Sterilizasyon<\/h3>\t\t\t\t<\/div>\n\t\t\t\t<\/div>\n\t\t\t\t<div class=\"elementor-element elementor-element-8162251 elementor-widget elementor-widget-heading\" data-id=\"8162251\" data-element_type=\"widget\" data-settings=\"{&quot;ekit_we_effect_on&quot;:&quot;none&quot;}\" data-widget_type=\"heading.default\">\n\t\t\t\t<div class=\"elementor-widget-container\">\n\t\t\t\t\t<h2 class=\"elementor-heading-title elementor-size-default\"><span>\u0130lerleme<\/span> Di\u015f Hekimli\u011fi<\/h2>\t\t\t\t<\/div>\n\t\t\t\t<\/div>\n\t\t\t\t<div class=\"elementor-element elementor-element-f7911f0 elementor-invisible elementor-widget elementor-widget-text-editor\" data-id=\"f7911f0\" data-element_type=\"widget\" data-settings=\"{&quot;_animation&quot;:&quot;fadeInUp&quot;,&quot;ekit_we_effect_on&quot;:&quot;none&quot;}\" data-widget_type=\"text-editor.default\">\n\t\t\t\t<div class=\"elementor-widget-container\">\n\t\t\t\t\t\t\t\t\t<p>Brilliant Clinic&#039;te, inovasyon, uzmanl\u0131k ve hassasiyetle desteklenen geli\u015fmi\u015f di\u015f hekimli\u011fi hizmeti sunmaktan gurur duyuyoruz. Son teknoloji te\u015fhislerden son teknoloji tedavilere kadar, klini\u011fimiz karma\u015f\u0131k vakalar\u0131 g\u00fcvenle ele almak i\u00e7in donat\u0131lm\u0131\u015ft\u0131r. \u0130ster estetik iyile\u015ftirmeler ister restoratif bak\u0131m ar\u0131yor olun, g\u00fcl\u00fcmsemenize g\u00f6re uyarlanm\u0131\u015f d\u00fcnya standartlar\u0131nda \u00e7\u00f6z\u00fcmler sunuyoruz.<\/p>\t\t\t\t\t\t\t\t<\/div>\n\t\t\t\t<\/div>\n\t\t\t\t<\/div>\n\t\t\t\t\t<\/div>\n\t\t\t\t<\/div>\n\t\t<div class=\"elementor-element elementor-element-437a766 e-flex e-con-boxed e-con e-parent\" data-id=\"437a766\" data-element_type=\"container\">\n\t\t\t\t\t<div class=\"e-con-inner\">\n\t\t<div class=\"elementor-element elementor-element-74b9910 e-con-full e-flex e-con e-child\" data-id=\"74b9910\" data-element_type=\"container\">\n\t\t\t\t<div class=\"elementor-element elementor-element-5607d7e section-title at-heading-animation at-animation-heading-none elementor-invisible elementor-widget elementor-widget-heading\" data-id=\"5607d7e\" data-element_type=\"widget\" data-settings=\"{&quot;_animation&quot;:&quot;fadeInUp&quot;,&quot;ekit_we_effect_on&quot;:&quot;none&quot;}\" data-widget_type=\"heading.default\">\n\t\t\t\t<div class=\"elementor-widget-container\">\n\t\t\t\t\t<h3 class=\"elementor-heading-title elementor-size-default\">Sterilizasyon<\/h3>\t\t\t\t<\/div>\n\t\t\t\t<\/div>\n\t\t\t\t<div class=\"elementor-element elementor-element-2615760 elementor-widget elementor-widget-heading\" data-id=\"2615760\" data-element_type=\"widget\" data-settings=\"{&quot;ekit_we_effect_on&quot;:&quot;none&quot;}\" data-widget_type=\"heading.default\">\n\t\t\t\t<div class=\"elementor-widget-container\">\n\t\t\t\t\t<h2 class=\"elementor-heading-title elementor-size-default\"><span>Dijital<\/span> Radyografi<\/h2>\t\t\t\t<\/div>\n\t\t\t\t<\/div>\n\t\t\t\t<div class=\"elementor-element elementor-element-d9a78b5 elementor-invisible elementor-widget elementor-widget-text-editor\" data-id=\"d9a78b5\" data-element_type=\"widget\" data-settings=\"{&quot;_animation&quot;:&quot;fadeInUp&quot;,&quot;ekit_we_effect_on&quot;:&quot;none&quot;}\" data-widget_type=\"text-editor.default\">\n\t\t\t\t<div class=\"elementor-widget-container\">\n\t\t\t\t\t\t\t\t\t<p>Brilliant Clinic, daha h\u0131zl\u0131, daha net ve daha g\u00fcvenli di\u015f g\u00f6r\u00fcnt\u00fclemesi sa\u011flamak i\u00e7in dijital radyografi kullan\u0131r. Bu modern teknoloji, do\u011fru tan\u0131 ve tedavi planlamas\u0131n\u0131 destekleyen olduk\u00e7a ayr\u0131nt\u0131l\u0131 g\u00f6r\u00fcnt\u00fcler sa\u011flarken radyasyon maruziyetini en aza indirir.<\/p>\t\t\t\t\t\t\t\t<\/div>\n\t\t\t\t<\/div>\n\t\t\t\t<\/div>\n\t\t<div class=\"elementor-element elementor-element-d3476a3 e-con-full e-flex e-con e-child\" data-id=\"d3476a3\" data-element_type=\"container\">\n\t\t\t\t<div class=\"elementor-element elementor-element-2177cf6 elementor-widget__width-initial image-anime at-image-animation at-animation-image-style-1 elementor-widget elementor-widget-image\" data-id=\"2177cf6\" data-element_type=\"widget\" data-settings=\"{&quot;ekit_we_effect_on&quot;:&quot;none&quot;}\" data-widget_type=\"image.default\">\n\t\t\t\t<div class=\"elementor-widget-container\">\n\t\t\t\t\t\t\t\t\t\t\t\t\t\t\t<img decoding=\"async\" data-src=\"https:\/\/demo.awaikenthemes.com\/primecare\/demo3\/wp-content\/uploads\/2024\/07\/techonology-img-3.jpg\" title=\"\" alt=\"\" src=\"data:image\/gif;base64,R0lGODlhAQABAAAAACH5BAEKAAEALAAAAAABAAEAAAICTAEAOw==\" class=\"lazyload\" \/>\t\t\t\t\t\t\t\t\t\t\t\t\t\t\t<\/div>\n\t\t\t\t<\/div>\n\t\t\t\t<div class=\"elementor-element elementor-element-d56f324 elementor-widget__width-initial image-anime at-image-animation at-animation-image-style-1 elementor-widget elementor-widget-image\" data-id=\"d56f324\" data-element_type=\"widget\" data-settings=\"{&quot;ekit_we_effect_on&quot;:&quot;none&quot;}\" data-widget_type=\"image.default\">\n\t\t\t\t<div class=\"elementor-widget-container\">\n\t\t\t\t\t\t\t\t\t\t\t\t\t\t\t<img decoding=\"async\" data-src=\"https:\/\/demo.awaikenthemes.com\/primecare\/demo3\/wp-content\/uploads\/2024\/07\/techonology-img-4.jpg\" title=\"\" alt=\"\" src=\"data:image\/gif;base64,R0lGODlhAQABAAAAACH5BAEKAAEALAAAAAABAAEAAAICTAEAOw==\" class=\"lazyload\" \/>\t\t\t\t\t\t\t\t\t\t\t\t\t\t\t<\/div>\n\t\t\t\t<\/div>\n\t\t\t\t<\/div>\n\t\t\t\t\t<\/div>\n\t\t\t\t<\/div>\n\t\t<div class=\"elementor-element elementor-element-34f39bf e-flex e-con-boxed e-con e-parent\" data-id=\"34f39bf\" data-element_type=\"container\">\n\t\t\t\t\t<div class=\"e-con-inner\">\n\t\t<div class=\"elementor-element elementor-element-d562a22 e-con-full e-flex e-con e-child\" data-id=\"d562a22\" data-element_type=\"container\">\n\t\t\t\t<div class=\"elementor-element elementor-element-40f2dd4 elementor-widget__width-initial image-anime at-image-animation at-animation-image-style-1 elementor-widget elementor-widget-image\" data-id=\"40f2dd4\" data-element_type=\"widget\" data-settings=\"{&quot;ekit_we_effect_on&quot;:&quot;none&quot;}\" data-widget_type=\"image.default\">\n\t\t\t\t<div class=\"elementor-widget-container\">\n\t\t\t\t\t\t\t\t\t\t\t\t\t\t\t<img decoding=\"async\" data-src=\"https:\/\/demo.awaikenthemes.com\/primecare\/demo3\/wp-content\/uploads\/2024\/07\/techonology-img-5.jpg\" title=\"\" alt=\"\" src=\"data:image\/gif;base64,R0lGODlhAQABAAAAACH5BAEKAAEALAAAAAABAAEAAAICTAEAOw==\" class=\"lazyload\" \/>\t\t\t\t\t\t\t\t\t\t\t\t\t\t\t<\/div>\n\t\t\t\t<\/div>\n\t\t\t\t<div class=\"elementor-element elementor-element-57c9bf8 elementor-widget__width-initial image-anime at-image-animation at-animation-image-style-1 elementor-widget elementor-widget-image\" data-id=\"57c9bf8\" data-element_type=\"widget\" data-settings=\"{&quot;ekit_we_effect_on&quot;:&quot;none&quot;}\" data-widget_type=\"image.default\">\n\t\t\t\t<div class=\"elementor-widget-container\">\n\t\t\t\t\t\t\t\t\t\t\t\t\t\t\t<img decoding=\"async\" data-src=\"https:\/\/demo.awaikenthemes.com\/primecare\/demo3\/wp-content\/uploads\/2024\/07\/techonology-img-6.jpg\" title=\"\" alt=\"\" src=\"data:image\/gif;base64,R0lGODlhAQABAAAAACH5BAEKAAEALAAAAAABAAEAAAICTAEAOw==\" class=\"lazyload\" \/>\t\t\t\t\t\t\t\t\t\t\t\t\t\t\t<\/div>\n\t\t\t\t<\/div>\n\t\t\t\t<\/div>\n\t\t<div class=\"elementor-element elementor-element-a179d36 e-con-full e-flex e-con e-child\" data-id=\"a179d36\" data-element_type=\"container\">\n\t\t\t\t<div class=\"elementor-element elementor-element-dc90b66 section-title at-heading-animation at-animation-heading-none elementor-invisible elementor-widget elementor-widget-heading\" data-id=\"dc90b66\" data-element_type=\"widget\" data-settings=\"{&quot;_animation&quot;:&quot;fadeInUp&quot;,&quot;ekit_we_effect_on&quot;:&quot;none&quot;}\" data-widget_type=\"heading.default\">\n\t\t\t\t<div class=\"elementor-widget-container\">\n\t\t\t\t\t<h3 class=\"elementor-heading-title elementor-size-default\">Sterilizasyon<\/h3>\t\t\t\t<\/div>\n\t\t\t\t<\/div>\n\t\t\t\t<div class=\"elementor-element elementor-element-aa84775 elementor-widget elementor-widget-heading\" data-id=\"aa84775\" data-element_type=\"widget\" data-settings=\"{&quot;ekit_we_effect_on&quot;:&quot;none&quot;}\" data-widget_type=\"heading.default\">\n\t\t\t\t<div class=\"elementor-widget-container\">\n\t\t\t\t\t<h2 class=\"elementor-heading-title elementor-size-default\"><span>DC<\/span> X-Ray<\/h2>\t\t\t\t<\/div>\n\t\t\t\t<\/div>\n\t\t\t\t<div class=\"elementor-element elementor-element-2b7c42b elementor-invisible elementor-widget elementor-widget-text-editor\" data-id=\"2b7c42b\" data-element_type=\"widget\" data-settings=\"{&quot;_animation&quot;:&quot;fadeInUp&quot;,&quot;ekit_we_effect_on&quot;:&quot;none&quot;}\" data-widget_type=\"text-editor.default\">\n\t\t\t\t<div class=\"elementor-widget-container\">\n\t\t\t\t\t\t\t\t\t<p>Klini\u011fimiz, minimal radyasyonla y\u00fcksek \u00e7\u00f6z\u00fcn\u00fcrl\u00fckl\u00fc g\u00f6r\u00fcnt\u00fcler sunan geli\u015fmi\u015f DC X-ray sistemleriyle donat\u0131lm\u0131\u015ft\u0131r. Bu teknoloji, daha fazla hasta g\u00fcvenli\u011fi sa\u011flar ve di\u015f de\u011ferlendirmelerimizin hassasiyetini art\u0131r\u0131r.<\/p>\t\t\t\t\t\t\t\t<\/div>\n\t\t\t\t<\/div>\n\t\t\t\t<\/div>\n\t\t\t\t\t<\/div>\n\t\t\t\t<\/div>\n\t\t<div class=\"elementor-element elementor-element-cd257f7 e-flex e-con-boxed e-con e-parent\" data-id=\"cd257f7\" data-element_type=\"container\">\n\t\t\t\t\t<div class=\"e-con-inner\">\n\t\t<div class=\"elementor-element elementor-element-d4aef68 e-con-full e-flex e-con e-child\" data-id=\"d4aef68\" data-element_type=\"container\">\n\t\t\t\t<div class=\"elementor-element elementor-element-8020df3 section-title at-heading-animation at-animation-heading-none elementor-invisible elementor-widget elementor-widget-heading\" data-id=\"8020df3\" data-element_type=\"widget\" data-settings=\"{&quot;_animation&quot;:&quot;fadeInUp&quot;,&quot;ekit_we_effect_on&quot;:&quot;none&quot;}\" data-widget_type=\"heading.default\">\n\t\t\t\t<div class=\"elementor-widget-container\">\n\t\t\t\t\t<h3 class=\"elementor-heading-title elementor-size-default\">Sterilizasyon<\/h3>\t\t\t\t<\/div>\n\t\t\t\t<\/div>\n\t\t\t\t<div class=\"elementor-element elementor-element-cdcc453 elementor-widget elementor-widget-heading\" data-id=\"cdcc453\" data-element_type=\"widget\" data-settings=\"{&quot;ekit_we_effect_on&quot;:&quot;none&quot;}\" data-widget_type=\"heading.default\">\n\t\t\t\t<div class=\"elementor-widget-container\">\n\t\t\t\t\t<h2 class=\"elementor-heading-title elementor-size-default\"><span>\u0130lerleme<\/span> Endodonti Ekipmanlar\u0131<\/h2>\t\t\t\t<\/div>\n\t\t\t\t<\/div>\n\t\t\t\t<div class=\"elementor-element elementor-element-8807998 elementor-invisible elementor-widget elementor-widget-text-editor\" data-id=\"8807998\" data-element_type=\"widget\" data-settings=\"{&quot;_animation&quot;:&quot;fadeInUp&quot;,&quot;ekit_we_effect_on&quot;:&quot;none&quot;}\" data-widget_type=\"text-editor.default\">\n\t\t\t\t<div class=\"elementor-widget-container\">\n\t\t\t\t\t\t\t\t\t<p>Brilliant Clinic, daha az rahats\u0131zl\u0131k ve iyile\u015ftirilmi\u015f uzun vadeli ba\u015far\u0131 ile daha hassas k\u00f6k kanal tedavilerine olanak tan\u0131yan en son endodontik teknoloji ile donat\u0131lm\u0131\u015ft\u0131r. Modern ara\u00e7lar\u0131m\u0131z, do\u011fru tan\u0131, etkili temizlik ve optimum di\u015f korumas\u0131 i\u00e7in geli\u015fmi\u015f s\u0131zd\u0131rmazl\u0131k sa\u011flar.<\/p>\t\t\t\t\t\t\t\t<\/div>\n\t\t\t\t<\/div>\n\t\t\t\t<\/div>\n\t\t<div class=\"elementor-element elementor-element-e56f714 e-con-full e-flex e-con e-child\" data-id=\"e56f714\" data-element_type=\"container\">\n\t\t\t\t<div class=\"elementor-element elementor-element-97bacbf elementor-widget__width-initial image-anime at-image-animation at-animation-image-style-1 elementor-widget elementor-widget-image\" data-id=\"97bacbf\" data-element_type=\"widget\" data-settings=\"{&quot;ekit_we_effect_on&quot;:&quot;none&quot;}\" data-widget_type=\"image.default\">\n\t\t\t\t<div class=\"elementor-widget-container\">\n\t\t\t\t\t\t\t\t\t\t\t\t\t\t\t<img decoding=\"async\" data-src=\"https:\/\/demo.awaikenthemes.com\/primecare\/demo3\/wp-content\/uploads\/2024\/07\/techonology-img-7.jpg\" title=\"\" alt=\"\" src=\"data:image\/gif;base64,R0lGODlhAQABAAAAACH5BAEKAAEALAAAAAABAAEAAAICTAEAOw==\" class=\"lazyload\" \/>\t\t\t\t\t\t\t\t\t\t\t\t\t\t\t<\/div>\n\t\t\t\t<\/div>\n\t\t\t\t<div class=\"elementor-element elementor-element-0ed4fef elementor-widget__width-initial image-anime at-image-animation at-animation-image-style-1 elementor-widget elementor-widget-image\" data-id=\"0ed4fef\" data-element_type=\"widget\" data-settings=\"{&quot;ekit_we_effect_on&quot;:&quot;none&quot;}\" data-widget_type=\"image.default\">\n\t\t\t\t<div class=\"elementor-widget-container\">\n\t\t\t\t\t\t\t\t\t\t\t\t\t\t\t<img decoding=\"async\" data-src=\"https:\/\/demo.awaikenthemes.com\/primecare\/demo3\/wp-content\/uploads\/2024\/07\/techonology-img-8.jpg\" title=\"\" alt=\"\" src=\"data:image\/gif;base64,R0lGODlhAQABAAAAACH5BAEKAAEALAAAAAABAAEAAAICTAEAOw==\" class=\"lazyload\" \/>\t\t\t\t\t\t\t\t\t\t\t\t\t\t\t<\/div>\n\t\t\t\t<\/div>\n\t\t\t\t<\/div>\n\t\t\t\t\t<\/div>\n\t\t\t\t<\/div>\n\t\t<div class=\"elementor-element elementor-element-288a5e9 e-flex e-con-boxed e-con e-parent\" data-id=\"288a5e9\" data-element_type=\"container\">\n\t\t\t\t\t<div class=\"e-con-inner\">\n\t\t<div class=\"elementor-element elementor-element-6835e14 e-con-full e-flex e-con e-child\" data-id=\"6835e14\" data-element_type=\"container\">\n\t\t\t\t<div class=\"elementor-element elementor-element-abc18dd elementor-widget__width-initial image-anime at-image-animation at-animation-image-style-1 elementor-widget elementor-widget-image\" data-id=\"abc18dd\" data-element_type=\"widget\" data-settings=\"{&quot;ekit_we_effect_on&quot;:&quot;none&quot;}\" data-widget_type=\"image.default\">\n\t\t\t\t<div class=\"elementor-widget-container\">\n\t\t\t\t\t\t\t\t\t\t\t\t\t\t\t<img decoding=\"async\" data-src=\"https:\/\/demo.awaikenthemes.com\/primecare\/demo3\/wp-content\/uploads\/2024\/07\/techonology-img-9.jpg\" title=\"\" alt=\"\" src=\"data:image\/gif;base64,R0lGODlhAQABAAAAACH5BAEKAAEALAAAAAABAAEAAAICTAEAOw==\" class=\"lazyload\" \/>\t\t\t\t\t\t\t\t\t\t\t\t\t\t\t<\/div>\n\t\t\t\t<\/div>\n\t\t\t\t<div class=\"elementor-element elementor-element-7896297 elementor-widget__width-initial image-anime at-image-animation at-animation-image-style-1 elementor-widget elementor-widget-image\" data-id=\"7896297\" data-element_type=\"widget\" data-settings=\"{&quot;ekit_we_effect_on&quot;:&quot;none&quot;}\" data-widget_type=\"image.default\">\n\t\t\t\t<div class=\"elementor-widget-container\">\n\t\t\t\t\t\t\t\t\t\t\t\t\t\t\t<img decoding=\"async\" data-src=\"https:\/\/demo.awaikenthemes.com\/primecare\/demo3\/wp-content\/uploads\/2024\/07\/techonology-img-10.jpg\" title=\"\" alt=\"\" src=\"data:image\/gif;base64,R0lGODlhAQABAAAAACH5BAEKAAEALAAAAAABAAEAAAICTAEAOw==\" class=\"lazyload\" \/>\t\t\t\t\t\t\t\t\t\t\t\t\t\t\t<\/div>\n\t\t\t\t<\/div>\n\t\t\t\t<\/div>\n\t\t<div class=\"elementor-element elementor-element-4cdd3b3 e-con-full e-flex e-con e-child\" data-id=\"4cdd3b3\" data-element_type=\"container\">\n\t\t\t\t<div class=\"elementor-element elementor-element-58caa2d section-title at-heading-animation at-animation-heading-none elementor-invisible elementor-widget elementor-widget-heading\" data-id=\"58caa2d\" data-element_type=\"widget\" data-settings=\"{&quot;_animation&quot;:&quot;fadeInUp&quot;,&quot;ekit_we_effect_on&quot;:&quot;none&quot;}\" data-widget_type=\"heading.default\">\n\t\t\t\t<div class=\"elementor-widget-container\">\n\t\t\t\t\t<h3 class=\"elementor-heading-title elementor-size-default\">Sterilizasyon<\/h3>\t\t\t\t<\/div>\n\t\t\t\t<\/div>\n\t\t\t\t<div class=\"elementor-element elementor-element-ff8b65d elementor-widget elementor-widget-heading\" data-id=\"ff8b65d\" data-element_type=\"widget\" data-settings=\"{&quot;ekit_we_effect_on&quot;:&quot;none&quot;}\" data-widget_type=\"heading.default\">\n\t\t\t\t<div class=\"elementor-widget-container\">\n\t\t\t\t\t<h2 class=\"elementor-heading-title elementor-size-default\"><span>\u0130lerleme<\/span> Dental \u0130mplant Ekipmanlar\u0131<\/h2>\t\t\t\t<\/div>\n\t\t\t\t<\/div>\n\t\t\t\t<div class=\"elementor-element elementor-element-d6d3ab8 elementor-invisible elementor-widget elementor-widget-text-editor\" data-id=\"d6d3ab8\" data-element_type=\"widget\" data-settings=\"{&quot;_animation&quot;:&quot;fadeInUp&quot;,&quot;ekit_we_effect_on&quot;:&quot;none&quot;}\" data-widget_type=\"text-editor.default\">\n\t\t\t\t<div class=\"elementor-widget-container\">\n\t\t\t\t\t\t\t\t\t<p>Ba\u015far\u0131l\u0131, uzun \u00f6m\u00fcrl\u00fc sonu\u00e7lar sa\u011flamak i\u00e7in 3D g\u00f6r\u00fcnt\u00fcleme, dijital planlama ve minimal invaziv teknikleri birle\u015ftiren geli\u015fmi\u015f di\u015f implant\u0131 sistemleri kullan\u0131yoruz. Y\u00fcksek teknolojili yakla\u015f\u0131m\u0131m\u0131z do\u011frulu\u011fu art\u0131r\u0131r, iyile\u015fme s\u00fcresini azalt\u0131r ve ger\u00e7ek di\u015fler gibi hissedilen ve i\u015flev g\u00f6ren do\u011fal g\u00f6r\u00fcn\u00fcml\u00fc restorasyonlar sa\u011flar.<\/p>\t\t\t\t\t\t\t\t<\/div>\n\t\t\t\t<\/div>\n\t\t\t\t<\/div>\n\t\t\t\t\t<\/div>\n\t\t\t\t<\/div>\n\t\t\t\t<\/div>","protected":false},"excerpt":{"rendered":"<p>Techonology Home Sterilization Advance Dentistry At Brilliant Clinic, we take pride in offering advanced dentistry [&hellip;]<\/p>","protected":false},"author":1,"featured_media":0,"parent":0,"menu_order":0,"comment_status":"closed","ping_status":"closed","template":"elementor_header_footer","meta":{"footnotes":""},"class_list":["post-7126","page","type-page","status-publish","hentry"],"_links":{"self":[{"href":"https:\/\/brilliant.clinic\/tr\/wp-json\/wp\/v2\/pages\/7126","targetHints":{"allow":["GET"]}}],"collection":[{"href":"https:\/\/brilliant.clinic\/tr\/wp-json\/wp\/v2\/pages"}],"about":[{"href":"https:\/\/brilliant.clinic\/tr\/wp-json\/wp\/v2\/types\/page"}],"author":[{"embeddable":true,"href":"https:\/\/brilliant.clinic\/tr\/wp-json\/wp\/v2\/users\/1"}],"replies":[{"embeddable":true,"href":"https:\/\/brilliant.clinic\/tr\/wp-json\/wp\/v2\/comments?post=7126"}],"version-history":[{"count":7,"href":"https:\/\/brilliant.clinic\/tr\/wp-json\/wp\/v2\/pages\/7126\/revisions"}],"predecessor-version":[{"id":9057,"href":"https:\/\/brilliant.clinic\/tr\/wp-json\/wp\/v2\/pages\/7126\/revisions\/9057"}],"wp:attachment":[{"href":"https:\/\/brilliant.clinic\/tr\/wp-json\/wp\/v2\/media?parent=7126"}],"curies":[{"name":"wp","href":"https:\/\/api.w.org\/{rel}","templated":true}]}}